{"id":1941,"date":"2025-06-16T15:27:20","date_gmt":"2025-06-16T12:27:20","guid":{"rendered":"https:\/\/isikdis.com.tr\/faq\/"},"modified":"2025-06-16T15:27:20","modified_gmt":"2025-06-16T12:27:20","slug":"faq","status":"publish","type":"page","link":"https:\/\/isikdis.com.tr\/de\/faq\/","title":{"rendered":"FAQ"},"content":{"rendered":"<h3 data-start=\"127\" data-end=\"183\">Warum knirschen und pressen Kinder mit den Z\u00e4hnen?<\/h3>\n<p data-start=\"184\" data-end=\"440\">Bei den meisten Kindern wird insbesondere w\u00e4hrend der Milchzahn-, Wechselgebiss- und bleibenden Zahnphase sowohl im Schlaf als auch tags\u00fcber Z\u00e4hneknirschen und -pressen beobachtet. Dieses Ph\u00e4nomen gilt jedoch bei Kindern als normaler Entwicklungsprozess.<\/p>\n<hr data-start=\"442\" data-end=\"445\" \/>\n<h3 data-start=\"447\" data-end=\"483\">Haben Sie Zahnfleischr\u00fcckgang?<\/h3>\n<p data-start=\"484\" data-end=\"874\">Zahnfleischr\u00fcckgang kann durch entz\u00fcndungsbedingten Knochenverlust entstehen. Aber auch falsches Z\u00e4hneputzen und sch\u00e4dliche Gewohnheiten k\u00f6nnen ohne Knochenverlust zu freiliegenden Zahnwurzeln f\u00fchren. Zahnfleischr\u00fcckgang verursacht Empfindlichkeiten, Wurzelkaries und \u00e4sthetische Probleme. Nach der Ursachenbestimmung informieren Sie die Zahn\u00e4rzte von I\u015f\u0131k \u00fcber die notwendige Behandlung.<\/p>\n<hr data-start=\"876\" data-end=\"879\" \/>\n<h3 data-start=\"881\" data-end=\"952\">Gibt es ein Risiko, dass Implantate vom K\u00f6rper abgesto\u00dfen werden?<\/h3>\n<p data-start=\"953\" data-end=\"1537\">Studien zu den Oberfl\u00e4cheneigenschaften haben gezeigt, dass Titan ein gewebevertr\u00e4gliches Material ist. Deshalb wird Titan seit vielen Jahren in der Implantatherstellung verwendet. Eine Absto\u00dfung durch den K\u00f6rper (\u201eGewebeabsto\u00dfung\u201c) tritt nicht auf. Infektionen w\u00e4hrend der Heilungsphase, mangelnde Mundhygiene, \u00fcberm\u00e4\u00dfiger Alkohol- und Zigarettenkonsum k\u00f6nnen jedoch das Einwachsen des Implantats in den Knochen verhindern. Dies kann zum Implantatverlust f\u00fchren. Durch regelm\u00e4\u00dfige Zahnarztkontrollen und eine gute Mundhygiene k\u00f6nnen Sie die Lebensdauer Ihrer Implantate verl\u00e4ngern.<\/p>\n<hr data-start=\"1539\" data-end=\"1542\" \/>\n<h3 data-start=\"1544\" data-end=\"1604\">Muss ein Weisheitszahn immer operativ entfernt werden?<\/h3>\n<p data-start=\"1605\" data-end=\"1995\">Es gibt keine Regel, dass jeder Weisheitszahn chirurgisch entfernt werden muss. Nach klinischer und radiologischer Untersuchung entscheidet der Zahnarzt, welche Methode angewendet wird. Nicht jeder Weisheitszahn erfordert eine schwierige Entfernung. Die Lage, Gr\u00f6\u00dfe und Form des Zahnes bestimmen, ob er durch eine einfache Extraktion oder durch einen chirurgischen Eingriff entfernt wird.<\/p>\n<hr data-start=\"1997\" data-end=\"2000\" \/>\n<h3 data-start=\"2002\" data-end=\"2063\">Ist eine Erstuntersuchung in der Zahnmedizin notwendig?<\/h3>\n<p data-start=\"2064\" data-end=\"2335\">Ja. Zahnbehandlungen sind sehr vielf\u00e4ltig und viele Patienten ben\u00f6tigen mehrere Therapien. Die richtige Planung gew\u00e4hrleistet k\u00fcrzere und angenehmere Behandlungsabl\u00e4ufe. Bei der Erstuntersuchung wird festgelegt, welche Behandlungen vorrangig durchgef\u00fchrt werden sollen.<\/p>\n<p data-start=\"2337\" data-end=\"2621\">Diagnosen, Laboruntersuchungen und die Abkl\u00e4rung systemischer Erkrankungen (z. B. Diabetes, Herzkrankheiten, Bluthochdruck), die Zahnbehandlungen beeinflussen k\u00f6nnen, geh\u00f6ren ebenfalls zur Erstuntersuchung. Falls erforderlich, wird der Patient an entsprechende Fach\u00e4rzte \u00fcberwiesen.<\/p>\n<hr data-start=\"2623\" data-end=\"2626\" \/>\n<h3 data-start=\"2628\" data-end=\"2666\">Was bedeutet \u201eretinierter Zahn\u201c?<\/h3>\n<p data-start=\"2667\" data-end=\"3209\">Als retiniert bezeichnet man Z\u00e4hne, die trotz ihrer nat\u00fcrlichen Durchbruchszeit im Kieferknochen verbleiben und ihre normale Position nicht einnehmen. Am h\u00e4ufigsten betroffen sind Weisheitsz\u00e4hne, gefolgt von Eckz\u00e4hnen. In manchen F\u00e4llen k\u00f6nnen retinierte Z\u00e4hne durch kieferorthop\u00e4dische Ma\u00dfnahmen in die richtige Position gebracht werden. Ist dies nicht m\u00f6glich oder verursachen sie Sch\u00e4den, Infektionen oder Pathologien, m\u00fcssen sie entfernt werden. In unserer Klinik steht Ihnen hierf\u00fcr ein Fachzahnarzt f\u00fcr Kieferorthop\u00e4die zur Verf\u00fcgung.<\/p>\n<hr data-start=\"3211\" data-end=\"3214\" \/>\n<h3 data-start=\"3216\" data-end=\"3285\">Welche Beschwerden machen eine Wurzelkanalbehandlung notwendig?<\/h3>\n<ul data-start=\"3286\" data-end=\"3597\">\n<li data-start=\"3286\" data-end=\"3312\">\n<p data-start=\"3288\" data-end=\"3312\">Spontane Zahnschmerzen<\/p>\n<\/li>\n<li data-start=\"3313\" data-end=\"3407\">\n<p data-start=\"3315\" data-end=\"3407\">Schmerzen, die nachts st\u00e4rker werden und nicht durch Schmerzmittel gelindert werden k\u00f6nnen<\/p>\n<\/li>\n<li data-start=\"3408\" data-end=\"3475\">\n<p data-start=\"3410\" data-end=\"3475\">Langanhaltende Schmerzen bei K\u00e4lte-, W\u00e4rme- oder Ber\u00fchrungsreiz<\/p>\n<\/li>\n<li data-start=\"3476\" data-end=\"3537\">\n<p data-start=\"3478\" data-end=\"3537\">Schwellungen am Zahn, Zahnfleisch oder an den Lymphknoten<\/p>\n<\/li>\n<li data-start=\"3538\" data-end=\"3597\">\n<p data-start=\"3540\" data-end=\"3597\">Fistelbildung oder Verf\u00e4rbung durch Infektion des Zahns<\/p>\n<\/li>\n<\/ul>\n<p data-start=\"3599\" data-end=\"3737\">Auch wenn abgestorbene Z\u00e4hne manchmal keine Beschwerden verursachen, bedeutet das nicht, dass keine Wurzelkanalbehandlung notwendig ist.<\/p>\n","protected":false},"excerpt":{"rendered":"<p>Warum knirschen und pressen Kinder mit den Z\u00e4hnen? Bei den meisten Kindern wird insbesondere w\u00e4hrend der Milchzahn-, Wechselgebiss- und bleibenden Zahnphase sowohl im Schlaf als auch tags\u00fcber Z\u00e4hneknirschen und -pressen beobachtet. Dieses Ph\u00e4nomen gilt jedoch bei Kindern als normaler Entwicklungsprozess. Haben Sie Zahnfleischr\u00fcckgang? Zahnfleischr\u00fcckgang kann durch entz\u00fcndungsbedingten Knochenverlust entstehen. Aber auch falsches Z\u00e4hneputzen und sch\u00e4dliche [&hellip;]<\/p>\n","protected":false},"author":1,"featured_media":0,"parent":0,"menu_order":34,"comment_status":"closed","ping_status":"closed","template":"","meta":{"footnotes":""},"class_list":["post-1941","page","type-page","status-publish","hentry"],"_links":{"self":[{"href":"https:\/\/isikdis.com.tr\/de\/wp-json\/wp\/v2\/pages\/1941","targetHints":{"allow":["GET"]}}],"collection":[{"href":"https:\/\/isikdis.com.tr\/de\/wp-json\/wp\/v2\/pages"}],"about":[{"href":"https:\/\/isikdis.com.tr\/de\/wp-json\/wp\/v2\/types\/page"}],"author":[{"embeddable":true,"href":"https:\/\/isikdis.com.tr\/de\/wp-json\/wp\/v2\/users\/1"}],"replies":[{"embeddable":true,"href":"https:\/\/isikdis.com.tr\/de\/wp-json\/wp\/v2\/comments?post=1941"}],"version-history":[{"count":0,"href":"https:\/\/isikdis.com.tr\/de\/wp-json\/wp\/v2\/pages\/1941\/revisions"}],"wp:attachment":[{"href":"https:\/\/isikdis.com.tr\/de\/wp-json\/wp\/v2\/media?parent=1941"}],"curies":[{"name":"wp","href":"https:\/\/api.w.org\/{rel}","templated":true}]}}