{"id":1939,"date":"2025-06-04T00:54:07","date_gmt":"2025-06-03T21:54:07","guid":{"rendered":"https:\/\/isikdis.com.tr\/kinder\/"},"modified":"2025-06-04T00:54:07","modified_gmt":"2025-06-03T21:54:07","slug":"kinder","status":"publish","type":"page","link":"https:\/\/isikdis.com.tr\/de\/kinder\/","title":{"rendered":"KINDER"},"content":{"rendered":"<h2 data-start=\"46\" data-end=\"87\"><strong data-start=\"49\" data-end=\"85\">Pedodontie (Kinderzahnheilkunde)<\/strong><\/h2>\n<p data-start=\"88\" data-end=\"417\">Die Pedodontie (Kinderzahnheilkunde) ist ein eigenst\u00e4ndiges Fachgebiet, das sich mit den Milch- und bleibenden Z\u00e4hnen von Kindern im Alter zwischen 0 und 13 Jahren besch\u00e4ftigt. Ziel der Pedodontie ist es, die Z\u00e4hne der Kinder gesund zu erhalten und Probleme, die durch Traumata oder genetische Faktoren entstehen, zu behandeln.<\/p>\n<hr data-start=\"419\" data-end=\"422\" \/>\n<h3 data-start=\"424\" data-end=\"462\"><strong data-start=\"428\" data-end=\"460\">DIE BEDEUTUNG DER MILCHZ\u00c4HNE<\/strong><\/h3>\n<p data-start=\"463\" data-end=\"845\">Milchz\u00e4hne bestehen insgesamt aus 20 Z\u00e4hnen. Ihre Hauptaufgabe ist es, die Ern\u00e4hrung des Kindes zu gew\u00e4hrleisten. Auch die korrekte Entwicklung der Sprache h\u00e4ngt von ihnen ab. Zudem dienen die Milchz\u00e4hne als Platzhalter f\u00fcr die nachkommenden bleibenden Z\u00e4hne und fungieren so gewisserma\u00dfen als \u201eWegweiser\u201c. Werden Milchz\u00e4hne vorzeitig entfernt, geht diese Schutzfunktion verloren.<\/p>\n<p data-start=\"847\" data-end=\"1053\">Das Ziel der Kinderzahnheilkunde ist es, Kinder in eine kariesfreie und gesunde Zukunft zu begleiten. Die dabei angewandten Verfahren werden unter dem Begriff <strong data-start=\"1006\" data-end=\"1034\">pr\u00e4ventive Zahnheilkunde<\/strong> zusammengefasst.<\/p>\n<p data-start=\"1055\" data-end=\"1398\">Der Durchbruch der Milchz\u00e4hne beginnt ab dem 6. Monat. Um diese zu sch\u00fctzen, sind regelm\u00e4\u00dfige Mundhygienema\u00dfnahmen sowie vorbeugende Behandlungen wie die Anwendung von <strong data-start=\"1223\" data-end=\"1249\">Fissurenversiegelungen<\/strong> durch einen Fachzahnarzt notwendig. Diese Methode verhindert Ablagerungen in den Fissuren, ist unkompliziert, schmerzfrei und zudem kosteng\u00fcnstig.<\/p>\n<p data-start=\"1400\" data-end=\"1805\">Leider wird die Bedeutung der Milchz\u00e4hne in der Gesellschaft oft untersch\u00e4tzt. Viele glauben, Milchz\u00e4hne seien nur vor\u00fcbergehend und das Z\u00e4hneputzen daher unwichtig. Diese Annahme ist jedoch falsch. Milchz\u00e4hne tragen wesentlich zur Entwicklung des Kiefer-Gesicht-Skeletts bei. Kauen, Sprechen und die Muskulatur bilden ein Gesamtsystem \u2013 und f\u00fcr dessen gesunde Entwicklung sind Milchz\u00e4hne unverzichtbar.<\/p>\n<hr data-start=\"1807\" data-end=\"1810\" \/>\n<h3 data-start=\"1812\" data-end=\"1850\"><strong data-start=\"1816\" data-end=\"1848\">AUSBILDUNG ZUM PEDODONTISTEN<\/strong><\/h3>\n<p data-start=\"1851\" data-end=\"2178\">Nach Abschluss des 5-j\u00e4hrigen Zahnmedizinstudiums absolvieren Pedodontisten ihre Facharztausbildung oder Promotion im Bereich der Kinderzahnheilkunde an den klinischen Wissenschaften der Zahnmedizinischen Fakult\u00e4ten. Zahn\u00e4rzte, die diese Ausbildung abgeschlossen haben, werden <strong data-start=\"2128\" data-end=\"2143\">Pedodontist<\/strong> oder <strong data-start=\"2149\" data-end=\"2167\">Kinderzahnarzt<\/strong> genannt.<\/p>\n<hr data-start=\"2180\" data-end=\"2183\" \/>\n<h3 data-start=\"2185\" data-end=\"2223\"><strong data-start=\"2189\" data-end=\"2221\">AUFGABEN EINES PEDODONTISTEN<\/strong><\/h3>\n<ul data-start=\"2224\" data-end=\"2932\">\n<li data-start=\"2224\" data-end=\"2316\">\n<p data-start=\"2226\" data-end=\"2316\">Vorbeugung von Zahnarztangst bei Kindern durch spielerische und kindgerechte Behandlung.<\/p>\n<\/li>\n<li data-start=\"2317\" data-end=\"2414\">\n<p data-start=\"2319\" data-end=\"2414\">Erstellung individueller Karies-Risikoprofile und Entwicklung spezieller Prophylaxeprogramme.<\/p>\n<\/li>\n<li data-start=\"2415\" data-end=\"2496\">\n<p data-start=\"2417\" data-end=\"2496\">Aufkl\u00e4rung von Kindern und Eltern \u00fcber Mund- und Zahnhygiene sowie Ern\u00e4hrung.<\/p>\n<\/li>\n<li data-start=\"2497\" data-end=\"2589\">\n<p data-start=\"2499\" data-end=\"2589\">Anwendung vorbeugender Ma\u00dfnahmen wie <strong data-start=\"2536\" data-end=\"2562\">Fissurenversiegelungen<\/strong> und <strong data-start=\"2567\" data-end=\"2586\">Fluoridierungen<\/strong>.<\/p>\n<\/li>\n<li data-start=\"2590\" data-end=\"2679\">\n<p data-start=\"2592\" data-end=\"2679\">Durchf\u00fchrung notwendiger endodontischer Behandlungen an Milch- und bleibenden Z\u00e4hnen.<\/p>\n<\/li>\n<li data-start=\"2680\" data-end=\"2738\">\n<p data-start=\"2682\" data-end=\"2738\">Regelm\u00e4\u00dfige Kontrolle der Zahn- und Kieferentwicklung.<\/p>\n<\/li>\n<li data-start=\"2739\" data-end=\"2865\">\n<p data-start=\"2741\" data-end=\"2865\">Unterst\u00fctzung bei der Abgew\u00f6hnung sch\u00e4dlicher Gewohnheiten wie N\u00e4gelkauen, Daumenlutschen oder Stifthalten mit den Z\u00e4hnen.<\/p>\n<\/li>\n<li data-start=\"2866\" data-end=\"2932\">\n<p data-start=\"2868\" data-end=\"2932\">Behandlung von Zahn- und Kieferproblemen infolge von Traumata.<\/p>\n<\/li>\n<\/ul>\n<hr data-start=\"2934\" data-end=\"2937\" \/>\n<h3 data-start=\"2939\" data-end=\"2969\"><strong data-start=\"2943\" data-end=\"2967\">LOKALE FLUORIDIERUNG<\/strong><\/h3>\n<p data-start=\"2970\" data-end=\"3384\">Fluorid ist eine nat\u00fcrliche Substanz, die den Zahnschmelz st\u00e4rkt, die Aktivit\u00e4t kariesverursachender Bakterien hemmt und den Mineralverlust nach S\u00e4ureangriffen reduziert. Die lokale Fluoridierung ist eine vorbeugende Behandlungsmethode, deren Ziel es ist, Karies durch St\u00e4rkung des Zahnschmelzes zu verhindern. Sie kann auf alle Zahnfl\u00e4chen aufgetragen werden und ist bei richtiger Anwendung v\u00f6llig unbedenklich.<\/p>\n<hr data-start=\"3386\" data-end=\"3389\" \/>\n<h3 data-start=\"3391\" data-end=\"3443\"><strong data-start=\"3395\" data-end=\"3441\">WARUM SOLLTEN MILCHZ\u00c4HNE BEHANDELT WERDEN?<\/strong><\/h3>\n<p data-start=\"3444\" data-end=\"3733\">Milchz\u00e4hne sind entscheidend f\u00fcr Kauen, Ern\u00e4hrung und somit f\u00fcr das Wachstum. Probleme an Milchz\u00e4hnen k\u00f6nnen die k\u00f6rperliche Entwicklung beeintr\u00e4chtigen. Auch f\u00fcr die Sprachentwicklung spielen sie eine wichtige Rolle \u2013 fehlen insbesondere Frontz\u00e4hne, kann die Lautbildung gest\u00f6rt werden.<\/p>\n<p data-start=\"3735\" data-end=\"3875\">Daher ist es wichtig, Milchzahnprobleme ernst zu nehmen und die Behandlung von einem spezialisierten Kinderzahnarzt durchf\u00fchren zu lassen.<\/p>\n","protected":false},"excerpt":{"rendered":"<p>Pedodontie (Kinderzahnheilkunde) Die Pedodontie (Kinderzahnheilkunde) ist ein eigenst\u00e4ndiges Fachgebiet, das sich mit den Milch- und bleibenden Z\u00e4hnen von Kindern im Alter zwischen 0 und 13 Jahren besch\u00e4ftigt. Ziel der Pedodontie ist es, die Z\u00e4hne der Kinder gesund zu erhalten und Probleme, die durch Traumata oder genetische Faktoren entstehen, zu behandeln. DIE BEDEUTUNG DER MILCHZ\u00c4HNE Milchz\u00e4hne [&hellip;]<\/p>\n","protected":false},"author":1,"featured_media":1940,"parent":0,"menu_order":28,"comment_status":"closed","ping_status":"closed","template":"","meta":{"footnotes":""},"class_list":["post-1939","page","type-page","status-publish","has-post-thumbnail","hentry"],"_links":{"self":[{"href":"https:\/\/isikdis.com.tr\/de\/wp-json\/wp\/v2\/pages\/1939","targetHints":{"allow":["GET"]}}],"collection":[{"href":"https:\/\/isikdis.com.tr\/de\/wp-json\/wp\/v2\/pages"}],"about":[{"href":"https:\/\/isikdis.com.tr\/de\/wp-json\/wp\/v2\/types\/page"}],"author":[{"embeddable":true,"href":"https:\/\/isikdis.com.tr\/de\/wp-json\/wp\/v2\/users\/1"}],"replies":[{"embeddable":true,"href":"https:\/\/isikdis.com.tr\/de\/wp-json\/wp\/v2\/comments?post=1939"}],"version-history":[{"count":0,"href":"https:\/\/isikdis.com.tr\/de\/wp-json\/wp\/v2\/pages\/1939\/revisions"}],"wp:featuredmedia":[{"embeddable":true,"href":"https:\/\/isikdis.com.tr\/de\/wp-json\/wp\/v2\/media\/1940"}],"wp:attachment":[{"href":"https:\/\/isikdis.com.tr\/de\/wp-json\/wp\/v2\/media?parent=1939"}],"curies":[{"name":"wp","href":"https:\/\/api.w.org\/{rel}","templated":true}]}}