{"id":1936,"date":"2025-06-13T16:02:31","date_gmt":"2025-06-13T13:02:31","guid":{"rendered":"https:\/\/isikdis.com.tr\/ueber-uns\/"},"modified":"2025-06-13T16:02:31","modified_gmt":"2025-06-13T13:02:31","slug":"ueber-uns","status":"publish","type":"page","link":"https:\/\/isikdis.com.tr\/de\/ueber-uns\/","title":{"rendered":"\u00dcber uns"},"content":{"rendered":"<p data-start=\"42\" data-end=\"84\"><strong data-start=\"42\" data-end=\"82\">I\u015f\u0131k Zahn- und Mundgesundheitsgruppe<\/strong><\/p>\n<p data-start=\"86\" data-end=\"258\">Die I\u015f\u0131k Zahn- und Mundgesundheitsgruppe er\u00f6ffnete im Jahr 2013 ihre erste Filiale in Bak\u0131rk\u00f6y mit einem Team, das ausschlie\u00dflich aus Fach\u00e4rzten auf ihrem Gebiet besteht.<\/p>\n<p data-start=\"260\" data-end=\"703\">Unsere Gruppe er\u00f6ffnete 2018 ihre zweite Filiale in der Ba\u011fdat-Stra\u00dfe in Kad\u0131k\u00f6y und verfolgt das Ziel, in den kommenden Jahren weitere gro\u00dfe Erfolge zu erzielen, indem sie ihr Filialnetz kontinuierlich erweitert. Unser zentrales Anliegen ist es, mit den Entwicklungen der Technologie Schritt zu halten, Diagnose- und Behandlungsmethoden st\u00e4ndig zu verbessern und unseren Patienten eine bessere und sicherere Gesundheitsversorgung zu bieten.<\/p>\n<p data-start=\"705\" data-end=\"1263\">Mit dem Verst\u00e4ndnis, \u201eDienstleistungen mit Mehrwert im Gesundheitswesen\u201c anzubieten, setzt unsere Gruppe mit ihrem qualifizierten Team von Fach\u00e4rzten und Mitarbeitern weiterhin Ma\u00dfst\u00e4be in Sachen Vertrauen. Unsere Gruppe, die Patientenzufriedenheit stets in den Vordergrund stellt, ist nicht nur eine Referenz f\u00fcr ihre einheimischen Patienten, sondern im Rahmen des Medizintourismus auch f\u00fcr internationale Patienten. Mit ihrem freundlichen Team und ihrem serviceorientierten Ansatz steht Ihnen die I\u015f\u0131k Zahn- und Mundgesundheitsgruppe jederzeit zur Seite.<\/p>\n<hr data-start=\"1265\" data-end=\"1268\" \/>\n<p data-start=\"1270\" data-end=\"1539\"><strong data-start=\"1270\" data-end=\"1288\">Unsere Mission<\/strong><br data-start=\"1288\" data-end=\"1291\" \/>Als I\u015f\u0131k Zahn- und Mundgesundheitsgruppe ist es unsere Mission, Behandlungen im Bereich der Zahn- und Mundgesundheit in allen Fachrichtungen mit international anerkannten Methoden und modernster Technologie allen Bed\u00fcrftigen zug\u00e4nglich zu machen.<\/p>\n<p data-start=\"1541\" data-end=\"1774\"><strong data-start=\"1541\" data-end=\"1558\">Unsere Vision<\/strong><br data-start=\"1558\" data-end=\"1561\" \/>Indem wir professionelle und technologische Arbeitsmethoden in den Mittelpunkt stellen, wollen wir als Zentrum f\u00fcr Zahn- und Mundgesundheit sowohl in unserem Land als auch international ein Referenzzentrum sein.<\/p>\n","protected":false},"excerpt":{"rendered":"<p>I\u015f\u0131k Zahn- und Mundgesundheitsgruppe Die I\u015f\u0131k Zahn- und Mundgesundheitsgruppe er\u00f6ffnete im Jahr 2013 ihre erste Filiale in Bak\u0131rk\u00f6y mit einem Team, das ausschlie\u00dflich aus Fach\u00e4rzten auf ihrem Gebiet besteht. Unsere Gruppe er\u00f6ffnete 2018 ihre zweite Filiale in der Ba\u011fdat-Stra\u00dfe in Kad\u0131k\u00f6y und verfolgt das Ziel, in den kommenden Jahren weitere gro\u00dfe Erfolge zu erzielen, indem [&hellip;]<\/p>\n","protected":false},"author":1,"featured_media":1937,"parent":0,"menu_order":22,"comment_status":"closed","ping_status":"closed","template":"","meta":{"footnotes":""},"class_list":["post-1936","page","type-page","status-publish","has-post-thumbnail","hentry"],"_links":{"self":[{"href":"https:\/\/isikdis.com.tr\/de\/wp-json\/wp\/v2\/pages\/1936","targetHints":{"allow":["GET"]}}],"collection":[{"href":"https:\/\/isikdis.com.tr\/de\/wp-json\/wp\/v2\/pages"}],"about":[{"href":"https:\/\/isikdis.com.tr\/de\/wp-json\/wp\/v2\/types\/page"}],"author":[{"embeddable":true,"href":"https:\/\/isikdis.com.tr\/de\/wp-json\/wp\/v2\/users\/1"}],"replies":[{"embeddable":true,"href":"https:\/\/isikdis.com.tr\/de\/wp-json\/wp\/v2\/comments?post=1936"}],"version-history":[{"count":0,"href":"https:\/\/isikdis.com.tr\/de\/wp-json\/wp\/v2\/pages\/1936\/revisions"}],"wp:featuredmedia":[{"embeddable":true,"href":"https:\/\/isikdis.com.tr\/de\/wp-json\/wp\/v2\/media\/1937"}],"wp:attachment":[{"href":"https:\/\/isikdis.com.tr\/de\/wp-json\/wp\/v2\/media?parent=1936"}],"curies":[{"name":"wp","href":"https:\/\/api.w.org\/{rel}","templated":true}]}}