{"id":1911,"date":"2025-06-16T15:24:52","date_gmt":"2025-06-16T12:24:52","guid":{"rendered":"https:\/\/isikdis.com.tr\/bankinformationen\/"},"modified":"2025-06-16T15:24:52","modified_gmt":"2025-06-16T12:24:52","slug":"bankinformationen","status":"publish","type":"page","link":"https:\/\/isikdis.com.tr\/de\/bankinformationen\/","title":{"rendered":"Bankinformationen"},"content":{"rendered":"<h2>I\u015eIK A\u011f\u0131z ve Di\u015f Sa\u011fl\u0131\u011f\u0131 Hiz. Ltd. \u015eti.<\/h2>\n<p>TL: TR51 0006 7010 0000 0047 0720 19<\/p>\n<p>EUR: TR04 0006 7010 0000 0059 0744 81<\/p>\n<p>USD: TR56 0006 7010 0000 0052 4542 65<\/p>\n","protected":false},"excerpt":{"rendered":"<p>I\u015eIK A\u011f\u0131z ve Di\u015f Sa\u011fl\u0131\u011f\u0131 Hiz. Ltd. \u015eti. TL: TR51 0006 7010 0000 0047 0720 19 EUR: TR04 0006 7010 0000 0059 0744 81 USD: TR56 0006 7010 0000 0052 4542 65<\/p>\n","protected":false},"author":1,"featured_media":0,"parent":0,"menu_order":14,"comment_status":"closed","ping_status":"closed","template":"","meta":{"footnotes":""},"class_list":["post-1911","page","type-page","status-publish","hentry"],"_links":{"self":[{"href":"https:\/\/isikdis.com.tr\/de\/wp-json\/wp\/v2\/pages\/1911","targetHints":{"allow":["GET"]}}],"collection":[{"href":"https:\/\/isikdis.com.tr\/de\/wp-json\/wp\/v2\/pages"}],"about":[{"href":"https:\/\/isikdis.com.tr\/de\/wp-json\/wp\/v2\/types\/page"}],"author":[{"embeddable":true,"href":"https:\/\/isikdis.com.tr\/de\/wp-json\/wp\/v2\/users\/1"}],"replies":[{"embeddable":true,"href":"https:\/\/isikdis.com.tr\/de\/wp-json\/wp\/v2\/comments?post=1911"}],"version-history":[{"count":0,"href":"https:\/\/isikdis.com.tr\/de\/wp-json\/wp\/v2\/pages\/1911\/revisions"}],"wp:attachment":[{"href":"https:\/\/isikdis.com.tr\/de\/wp-json\/wp\/v2\/media?parent=1911"}],"curies":[{"name":"wp","href":"https:\/\/api.w.org\/{rel}","templated":true}]}}